{"id":2198,"date":"2025-07-24T19:55:56","date_gmt":"2025-07-24T19:55:56","guid":{"rendered":"https:\/\/queencansudere.com.br\/?page_id=2198"},"modified":"2025-10-10T14:59:01","modified_gmt":"2025-10-10T14:59:01","slug":"estacao-cansu","status":"publish","type":"page","link":"https:\/\/queencansudere.com.br\/tr\/estacao-cansu\/","title":{"rendered":"Cansu \u0130stasyonu"},"content":{"rendered":"<div data-elementor-type=\"wp-page\" data-elementor-id=\"2198\" class=\"elementor elementor-2198\" data-elementor-post-type=\"page\">\n\t\t\t\t<div class=\"elementor-element elementor-element-7483ae9 e-con-full e-flex e-con e-parent\" data-id=\"7483ae9\" data-element_type=\"container\">\n\t\t<div class=\"elementor-element elementor-element-a326f48 e-con-full e-flex e-con e-child\" data-id=\"a326f48\" data-element_type=\"container\">\n\t\t<div class=\"elementor-element elementor-element-381cd41 e-con-full e-flex e-con e-child\" data-id=\"381cd41\" data-element_type=\"container\" data-settings=\"{&quot;background_background&quot;:&quot;classic&quot;}\">\n\t\t\t\t<div class=\"elementor-element elementor-element-b531a45 elementor-nav-menu__align-center elementor-widget__width-inherit elementor-nav-menu--dropdown-tablet elementor-nav-menu__text-align-aside elementor-nav-menu--toggle elementor-nav-menu--burger elementor-widget elementor-widget-nav-menu\" data-id=\"b531a45\" data-element_type=\"widget\" data-settings=\"{&quot;layout&quot;:&quot;horizontal&quot;,&quot;submenu_icon&quot;:{&quot;value&quot;:&quot;&lt;svg aria-hidden=\\&quot;true\\&quot; class=\\&quot;e-font-icon-svg e-fas-caret-down\\&quot; viewBox=\\&quot;0 0 320 512\\&quot; xmlns=\\&quot;http:\\\/\\\/www.w3.org\\\/2000\\\/svg\\&quot;&gt;&lt;path d=\\&quot;M31.3 192h257.3c17.8 0 26.7 21.5 14.1 34.1L174.1 354.8c-7.8 7.8-20.5 7.8-28.3 0L17.2 226.1C4.6 213.5 13.5 192 31.3 192z\\&quot;&gt;&lt;\\\/path&gt;&lt;\\\/svg&gt;&quot;,&quot;library&quot;:&quot;fa-solid&quot;},&quot;toggle&quot;:&quot;burger&quot;}\" data-widget_type=\"nav-menu.default\">\n\t\t\t\t<div class=\"elementor-widget-container\">\n\t\t\t\t\t\t\t\t<nav aria-label=\"Men\u00fc\" class=\"elementor-nav-menu--main elementor-nav-menu__container elementor-nav-menu--layout-horizontal e--pointer-text e--animation-float\">\n\t\t\t\t<ul id=\"menu-1-b531a45\" class=\"elementor-nav-menu\"><li class=\"menu-item menu-item-type-post_type menu-item-object-page menu-item-home menu-item-3346\"><a href=\"https:\/\/queencansudere.com.br\/tr\/\" class=\"elementor-item\">Ev<\/a><\/li>\n<li class=\"menu-item menu-item-type-post_type menu-item-object-page menu-item-2212\"><a href=\"https:\/\/queencansudere.com.br\/tr\/a-biografia\/\" class=\"elementor-item\">Biyografi<\/a><\/li>\n<li class=\"menu-item menu-item-type-post_type menu-item-object-page menu-item-2211\"><a href=\"https:\/\/queencansudere.com.br\/tr\/o-projeto\/\" class=\"elementor-item\">Proje<\/a><\/li>\n<li class=\"menu-item menu-item-type-post_type menu-item-object-page menu-item-2210\"><a href=\"https:\/\/queencansudere.com.br\/tr\/o-documentario\/\" class=\"elementor-item\">Belgesel<\/a><\/li>\n<li class=\"menu-item menu-item-type-post_type menu-item-object-page menu-item-2209\"><a href=\"https:\/\/queencansudere.com.br\/tr\/proxima-parada\/\" class=\"elementor-item\">Sonraki durak<\/a><\/li>\n<li class=\"menu-item menu-item-type-post_type menu-item-object-page menu-item-2208\"><a href=\"https:\/\/queencansudere.com.br\/tr\/noticias-da-queen\/\" class=\"elementor-item\">Krali\u00e7e Haberleri<\/a><\/li>\n<li class=\"menu-item menu-item-type-post_type menu-item-object-page menu-item-2207\"><a href=\"https:\/\/queencansudere.com.br\/tr\/clube-de-fas\/\" class=\"elementor-item\">Hayran Kul\u00fcb\u00fc<\/a><\/li>\n<li class=\"menu-item menu-item-type-post_type menu-item-object-page menu-item-2206\"><a href=\"https:\/\/queencansudere.com.br\/tr\/estacao-cansu\/\" class=\"elementor-item\">Cansu \u0130stasyonu<\/a><\/li>\n<li class=\"menu-item menu-item-type-post_type menu-item-object-page menu-item-2205\"><a href=\"https:\/\/queencansudere.com.br\/tr\/personalizados\/\" class=\"elementor-item\">Ki\u015fiselle\u015ftirilmi\u015f<\/a><\/li>\n<li class=\"menu-item menu-item-type-post_type menu-item-object-page menu-item-2204\"><a href=\"https:\/\/queencansudere.com.br\/tr\/fale-com-a-gente\/\" class=\"elementor-item\">Bizimle konu\u015fun<\/a><\/li>\n<li class=\"astm-search-menu is-menu is-dropdown menu-item\"><a href=\"#\" role=\"button\" aria-label=\"Search Icon Link\"><svg width=\"20\" height=\"20\" class=\"search-icon\" role=\"img\" viewbox=\"2 9 20 5\" focusable=\"false\" aria-label=\"Search\">\n\t\t\t\t\t\t<path class=\"search-icon-path\" d=\"M15.5 14h-.79l-.28-.27C15.41 12.59 16 11.11 16 9.5 16 5.91 13.09 3 9.5 3S3 5.91 3 9.5 5.91 16 9.5 16c1.61 0 3.09-.59 4.23-1.57l.27.28v.79l5 4.99L20.49 19l-4.99-5zm-6 0C7.01 14 5 11.99 5 9.5S7.01 5 9.5 5 14 7.01 14 9.5 11.99 14 9.5 14z\"><\/path><\/svg><\/a><form data-min-no-for-search=\"1\" data-result-box-max-height=\"400\" data-form-id=\"4252\" class=\"is-search-form is-form-style is-form-style-3 is-form-id-4252 is-ajax-search\" action=\"https:\/\/queencansudere.com.br\/tr\/\" method=\"get\" role=\"search\" data-trp-original-action=\"https:\/\/queencansudere.com.br\/tr\/\" ><label for=\"is-search-input-4252\"><span class=\"is-screen-reader-text\">Search for:<\/span><input  type=\"search\" id=\"is-search-input-4252\" name=\"s\" value=\"\" class=\"is-search-input\" placeholder=\"Search here...\" autocomplete=\"off\" \/><span class=\"is-loader-image\" style=\"display: none;background-image:url(https:\/\/queencansudere.com.br\/wp-content\/plugins\/add-search-to-menu\/public\/images\/spinner.gif);\" ><\/span><\/label><button type=\"submit\" class=\"is-search-submit\"><span class=\"is-screen-reader-text\">Search Button<\/span><span class=\"is-search-icon\"><svg focusable=\"false\" aria-label=\"Search\" xmlns=\"http:\/\/www.w3.org\/2000\/svg\" viewbox=\"0 0 24 24\" width=\"24px\"><path d=\"M15.5 14h-.79l-.28-.27C15.41 12.59 16 11.11 16 9.5 16 5.91 13.09 3 9.5 3S3 5.91 3 9.5 5.91 16 9.5 16c1.61 0 3.09-.59 4.23-1.57l.27.28v.79l5 4.99L20.49 19l-4.99-5zm-6 0C7.01 14 5 11.99 5 9.5S7.01 5 9.5 5 14 7.01 14 9.5 11.99 14 9.5 14z\"><\/path><\/svg><\/span><\/button><input type=\"hidden\" name=\"id\" value=\"4252\" \/><input type=\"hidden\" name=\"trp-form-language\" value=\"tr\"\/><\/form><div class=\"search-close\"><\/div><\/li><\/ul>\t\t\t<\/nav>\n\t\t\t\t\t<div class=\"elementor-menu-toggle\" role=\"button\" tabindex=\"0\" aria-label=\"Menu Toggle\" aria-expanded=\"false\">\n\t\t\t<svg aria-hidden=\"true\" role=\"presentation\" class=\"elementor-menu-toggle__icon--open e-font-icon-svg e-eicon-menu-bar\" viewbox=\"0 0 1000 1000\" xmlns=\"http:\/\/www.w3.org\/2000\/svg\"><path d=\"M104 333H896C929 333 958 304 958 271S929 208 896 208H104C71 208 42 237 42 271S71 333 104 333ZM104 583H896C929 583 958 554 958 521S929 458 896 458H104C71 458 42 487 42 521S71 583 104 583ZM104 833H896C929 833 958 804 958 771S929 708 896 708H104C71 708 42 737 42 771S71 833 104 833Z\"><\/path><\/svg><svg aria-hidden=\"true\" role=\"presentation\" class=\"elementor-menu-toggle__icon--close e-font-icon-svg e-eicon-close\" viewbox=\"0 0 1000 1000\" xmlns=\"http:\/\/www.w3.org\/2000\/svg\"><path d=\"M742 167L500 408 258 167C246 154 233 150 217 150 196 150 179 158 167 167 154 179 150 196 150 212 150 229 154 242 171 254L408 500 167 742C138 771 138 800 167 829 196 858 225 858 254 829L496 587 738 829C750 842 767 846 783 846 800 846 817 842 829 829 842 817 846 804 846 783 846 767 842 750 829 737L588 500 833 258C863 229 863 200 833 171 804 137 775 137 742 167Z\"><\/path><\/svg>\t\t<\/div>\n\t\t\t\t\t<nav class=\"elementor-nav-menu--dropdown elementor-nav-menu__container\" aria-hidden=\"true\">\n\t\t\t\t<ul id=\"menu-2-b531a45\" class=\"elementor-nav-menu\"><li class=\"menu-item menu-item-type-post_type menu-item-object-page menu-item-home menu-item-3346\"><a href=\"https:\/\/queencansudere.com.br\/tr\/\" class=\"elementor-item\" tabindex=\"-1\">Ev<\/a><\/li>\n<li class=\"menu-item menu-item-type-post_type menu-item-object-page menu-item-2212\"><a href=\"https:\/\/queencansudere.com.br\/tr\/a-biografia\/\" class=\"elementor-item\" tabindex=\"-1\">Biyografi<\/a><\/li>\n<li class=\"menu-item menu-item-type-post_type menu-item-object-page menu-item-2211\"><a href=\"https:\/\/queencansudere.com.br\/tr\/o-projeto\/\" class=\"elementor-item\" tabindex=\"-1\">Proje<\/a><\/li>\n<li class=\"menu-item menu-item-type-post_type menu-item-object-page menu-item-2210\"><a href=\"https:\/\/queencansudere.com.br\/tr\/o-documentario\/\" class=\"elementor-item\" tabindex=\"-1\">Belgesel<\/a><\/li>\n<li class=\"menu-item menu-item-type-post_type menu-item-object-page menu-item-2209\"><a href=\"https:\/\/queencansudere.com.br\/tr\/proxima-parada\/\" class=\"elementor-item\" tabindex=\"-1\">Sonraki durak<\/a><\/li>\n<li class=\"menu-item menu-item-type-post_type menu-item-object-page menu-item-2208\"><a href=\"https:\/\/queencansudere.com.br\/tr\/noticias-da-queen\/\" class=\"elementor-item\" tabindex=\"-1\">Krali\u00e7e Haberleri<\/a><\/li>\n<li class=\"menu-item menu-item-type-post_type menu-item-object-page menu-item-2207\"><a href=\"https:\/\/queencansudere.com.br\/tr\/clube-de-fas\/\" class=\"elementor-item\" tabindex=\"-1\">Hayran Kul\u00fcb\u00fc<\/a><\/li>\n<li class=\"menu-item menu-item-type-post_type menu-item-object-page menu-item-2206\"><a href=\"https:\/\/queencansudere.com.br\/tr\/estacao-cansu\/\" class=\"elementor-item\" tabindex=\"-1\">Cansu \u0130stasyonu<\/a><\/li>\n<li class=\"menu-item menu-item-type-post_type menu-item-object-page menu-item-2205\"><a href=\"https:\/\/queencansudere.com.br\/tr\/personalizados\/\" class=\"elementor-item\" tabindex=\"-1\">Ki\u015fiselle\u015ftirilmi\u015f<\/a><\/li>\n<li class=\"menu-item menu-item-type-post_type menu-item-object-page menu-item-2204\"><a href=\"https:\/\/queencansudere.com.br\/tr\/fale-com-a-gente\/\" class=\"elementor-item\" tabindex=\"-1\">Bizimle konu\u015fun<\/a><\/li>\n<li class=\"astm-search-menu is-menu is-dropdown menu-item\"><a href=\"#\" role=\"button\" aria-label=\"Search Icon Link\"><svg width=\"20\" height=\"20\" class=\"search-icon\" role=\"img\" viewbox=\"2 9 20 5\" focusable=\"false\" aria-label=\"Search\">\n\t\t\t\t\t\t<path class=\"search-icon-path\" d=\"M15.5 14h-.79l-.28-.27C15.41 12.59 16 11.11 16 9.5 16 5.91 13.09 3 9.5 3S3 5.91 3 9.5 5.91 16 9.5 16c1.61 0 3.09-.59 4.23-1.57l.27.28v.79l5 4.99L20.49 19l-4.99-5zm-6 0C7.01 14 5 11.99 5 9.5S7.01 5 9.5 5 14 7.01 14 9.5 11.99 14 9.5 14z\"><\/path><\/svg><\/a><form data-min-no-for-search=\"1\" data-result-box-max-height=\"400\" data-form-id=\"4252\" class=\"is-search-form is-form-style is-form-style-3 is-form-id-4252 is-ajax-search\" action=\"https:\/\/queencansudere.com.br\/tr\/\" method=\"get\" role=\"search\" data-trp-original-action=\"https:\/\/queencansudere.com.br\/tr\/\" ><label for=\"is-search-input-4252\"><span class=\"is-screen-reader-text\">Search for:<\/span><input  type=\"search\" id=\"is-search-input-4252\" name=\"s\" value=\"\" class=\"is-search-input\" placeholder=\"Search here...\" autocomplete=\"off\" \/><span class=\"is-loader-image\" style=\"display: none;background-image:url(https:\/\/queencansudere.com.br\/wp-content\/plugins\/add-search-to-menu\/public\/images\/spinner.gif);\" ><\/span><\/label><button type=\"submit\" class=\"is-search-submit\"><span class=\"is-screen-reader-text\">Search Button<\/span><span class=\"is-search-icon\"><svg focusable=\"false\" aria-label=\"Search\" xmlns=\"http:\/\/www.w3.org\/2000\/svg\" viewbox=\"0 0 24 24\" width=\"24px\"><path d=\"M15.5 14h-.79l-.28-.27C15.41 12.59 16 11.11 16 9.5 16 5.91 13.09 3 9.5 3S3 5.91 3 9.5 5.91 16 9.5 16c1.61 0 3.09-.59 4.23-1.57l.27.28v.79l5 4.99L20.49 19l-4.99-5zm-6 0C7.01 14 5 11.99 5 9.5S7.01 5 9.5 5 14 7.01 14 9.5 11.99 14 9.5 14z\"><\/path><\/svg><\/span><\/button><input type=\"hidden\" name=\"id\" value=\"4252\" \/><input type=\"hidden\" name=\"trp-form-language\" value=\"tr\"\/><\/form><div class=\"search-close\"><\/div><\/li><\/ul>\t\t\t<\/nav>\n\t\t\t\t\t\t<\/div>\n\t\t\t\t<\/div>\n\t\t\t\t<\/div>\n\t\t\t\t<\/div>\n\t\t\t\t<\/div>\n\t\t<div class=\"elementor-element elementor-element-b77b0ce e-flex e-con-boxed e-con e-parent\" data-id=\"b77b0ce\" data-element_type=\"container\">\n\t\t\t\t\t<div class=\"e-con-inner\">\n\t\t\t\t<div class=\"elementor-element elementor-element-bc668ba elementor-widget elementor-widget-html\" data-id=\"bc668ba\" data-element_type=\"widget\" data-widget_type=\"html.default\">\n\t\t\t\t<div class=\"elementor-widget-container\">\n\t\t\t\t\t<iframe data-testid=\"embed-iframe\" style=\"border-radius:12px\" src=\"https:\/\/open.spotify.com\/embed\/playlist\/2EGsCrkuCTUutQk2zoge4X?utm_source=generator\" width=\"100%\" height=\"352\" frameborder=\"0\" allowfullscreen=\"\" allow=\"autoplay; clipboard-write; encrypted-media; fullscreen; picture-in-picture\" loading=\"lazy\"><\/iframe>\t\t\t\t<\/div>\n\t\t\t\t<\/div>\n\t\t\t\t\t<\/div>\n\t\t\t\t<\/div>\n\t\t\t\t<\/div>","protected":false},"excerpt":{"rendered":"","protected":false},"author":1,"featured_media":0,"parent":0,"menu_order":0,"comment_status":"closed","ping_status":"closed","template":"page-no-footer.php","meta":{"_acf_changed":false,"footnotes":""},"class_list":["post-2198","page","type-page","status-publish","hentry"],"acf":{"full_width":true,"header_transparent":false},"_links":{"self":[{"href":"https:\/\/queencansudere.com.br\/tr\/wp-json\/wp\/v2\/pages\/2198","targetHints":{"allow":["GET"]}}],"collection":[{"href":"https:\/\/queencansudere.com.br\/tr\/wp-json\/wp\/v2\/pages"}],"about":[{"href":"https:\/\/queencansudere.com.br\/tr\/wp-json\/wp\/v2\/types\/page"}],"author":[{"embeddable":true,"href":"https:\/\/queencansudere.com.br\/tr\/wp-json\/wp\/v2\/users\/1"}],"replies":[{"embeddable":true,"href":"https:\/\/queencansudere.com.br\/tr\/wp-json\/wp\/v2\/comments?post=2198"}],"version-history":[{"count":37,"href":"https:\/\/queencansudere.com.br\/tr\/wp-json\/wp\/v2\/pages\/2198\/revisions"}],"predecessor-version":[{"id":4236,"href":"https:\/\/queencansudere.com.br\/tr\/wp-json\/wp\/v2\/pages\/2198\/revisions\/4236"}],"wp:attachment":[{"href":"https:\/\/queencansudere.com.br\/tr\/wp-json\/wp\/v2\/media?parent=2198"}],"curies":[{"name":"wp","href":"https:\/\/api.w.org\/{rel}","templated":true}]}}